{"id":288,"date":"2020-05-28T13:58:17","date_gmt":"2020-05-28T13:58:17","guid":{"rendered":"http:\/\/kalibrita.lt\/?post_type=product&#038;p=288"},"modified":"2020-08-29T14:50:24","modified_gmt":"2020-08-29T14:50:24","slug":"lauko-sketis-kvadratinis","status":"publish","type":"product","link":"https:\/\/kalibrita.lt\/en\/produktas\/lauko-sketis-kvadratinis\/","title":{"rendered":"Lauko sk\u0117tis kvadratinis"},"content":{"rendered":"<p>Kvadratiniai lauko sk\u0117\u010diai:<\/p>\n<p>2x2m<\/p>\n<p>3x3m<\/p>\n<p>3,5&#215;3,5m<\/p>\n<p>4x4m<\/p>\n<p>5x5m<\/p>\n<p>7x7m<\/p>\n","protected":false},"excerpt":{"rendered":"<p>Minimalizmas geometrin\u0117je formoje &#8211; \u0161iuolaiki\u0161kumas<\/p>\n","protected":false},"featured_media":500,"comment_status":"open","ping_status":"closed","template":"","meta":{"_jet_sm_ready_style":"","_jet_sm_style":"","_jet_sm_controls_values":"","_jet_sm_fonts_collection":"","_jet_sm_fonts_links":""},"product_brand":[],"product_cat":[15],"product_tag":[],"class_list":{"0":"post-288","1":"product","2":"type-product","3":"status-publish","4":"has-post-thumbnail","6":"product_cat-lauko-skeciai","8":"first","9":"instock","10":"shipping-taxable","11":"product-type-simple"},"_links":{"self":[{"href":"https:\/\/kalibrita.lt\/en\/wp-json\/wp\/v2\/product\/288","targetHints":{"allow":["GET"]}}],"collection":[{"href":"https:\/\/kalibrita.lt\/en\/wp-json\/wp\/v2\/product"}],"about":[{"href":"https:\/\/kalibrita.lt\/en\/wp-json\/wp\/v2\/types\/product"}],"replies":[{"embeddable":true,"href":"https:\/\/kalibrita.lt\/en\/wp-json\/wp\/v2\/comments?post=288"}],"wp:featuredmedia":[{"embeddable":true,"href":"https:\/\/kalibrita.lt\/en\/wp-json\/wp\/v2\/media\/500"}],"wp:attachment":[{"href":"https:\/\/kalibrita.lt\/en\/wp-json\/wp\/v2\/media?parent=288"}],"wp:term":[{"taxonomy":"product_brand","embeddable":true,"href":"https:\/\/kalibrita.lt\/en\/wp-json\/wp\/v2\/product_brand?post=288"},{"taxonomy":"product_cat","embeddable":true,"href":"https:\/\/kalibrita.lt\/en\/wp-json\/wp\/v2\/product_cat?post=288"},{"taxonomy":"product_tag","embeddable":true,"href":"https:\/\/kalibrita.lt\/en\/wp-json\/wp\/v2\/product_tag?post=288"}],"curies":[{"name":"wp","href":"https:\/\/api.w.org\/{rel}","templated":true}]}}